{"id":852,"date":"2019-07-05T11:43:02","date_gmt":"2019-07-05T09:43:02","guid":{"rendered":"http:\/\/marekmac.ukw.edu.pl\/wordpress\/?page_id=852"},"modified":"2019-07-05T12:32:42","modified_gmt":"2019-07-05T10:32:42","slug":"moj-komputer-software","status":"publish","type":"page","link":"https:\/\/marekmac.ukw.edu.pl\/wordpress\/?page_id=852","title":{"rendered":"M\u00f3j komputer &#8211; software"},"content":{"rendered":"\n<p>System operacyjny: Windows 10PRO<\/p>\n\n\n\n<p>Aplikacje Windows:<\/p>\n\n\n\n<ul class=\"wp-block-list\"><li>Spotify<\/li><li>Netflix<\/li><\/ul>\n\n\n\n<p>Aplikacje:<\/p>\n\n\n\n<ul class=\"wp-block-list\"><li><a rel=\"noreferrer noopener\" aria-label=\"Google Chrome (otwiera si\u0119 na nowej zak\u0142adce)\" href=\"https:\/\/www.google.com\/intl\/pl\/chrome\/\" target=\"_blank\">Google Chrome<\/a><\/li><li><a rel=\"noreferrer noopener\" aria-label=\"Libre Office (otwiera si\u0119 na nowej zak\u0142adce)\" href=\"https:\/\/www.libreoffice.org\/download\/download\/\" target=\"_blank\">Libre Office<\/a><\/li><li><a rel=\"noreferrer noopener\" aria-label=\"Unreal Commander (otwiera si\u0119 na nowej zak\u0142adce)\" href=\"https:\/\/x-diesel.com\/?download\" target=\"_blank\">Unreal Commander<\/a><\/li><li><a rel=\"noreferrer noopener\" aria-label=\"xnView (otwiera si\u0119 na nowej zak\u0142adce)\" href=\"https:\/\/www.xnview.com\/en\/xnview\/#downloads\" target=\"_blank\">xnView<\/a><\/li><li><a rel=\"noreferrer noopener\" aria-label=\"notepad++ (otwiera si\u0119 na nowej zak\u0142adce)\" href=\"https:\/\/notepad-plus-plus.org\/download\/\" target=\"_blank\">notepad++<\/a><\/li><li><a rel=\"noreferrer noopener\" aria-label=\"paint.net (otwiera si\u0119 na nowej zak\u0142adce)\" href=\"https:\/\/www.getpaint.net\/download.html\" target=\"_blank\">paint.net<\/a><\/li><li><a rel=\"noreferrer noopener\" aria-label=\"Mozilla Thunderbird (otwiera si\u0119 na nowej zak\u0142adce)\" href=\"https:\/\/www.thunderbird.net\/pl\/\" target=\"_blank\">Mozilla Thunderbird<\/a><\/li><li><a rel=\"noreferrer noopener\" aria-label=\"Foxit Reader (otwiera si\u0119 na nowej zak\u0142adce)\" href=\"https:\/\/www.foxitsoftware.com\/pdf-reader\/\" target=\"_blank\">Foxit Reader<\/a><\/li><li><a rel=\"noreferrer noopener\" aria-label=\"Foobar 2000 (otwiera si\u0119 na nowej zak\u0142adce)\" href=\"https:\/\/www.foobar2000.org\/download\" target=\"_blank\">Foobar 2000<\/a><\/li><li><a rel=\"noreferrer noopener\" aria-label=\"VLC (otwiera si\u0119 na nowej zak\u0142adce)\" href=\"https:\/\/www.videolan.org\/\" target=\"_blank\">VLC<\/a><\/li><li><a href=\"https:\/\/keepass.info\/download.html\" target=\"_blank\" rel=\"noreferrer noopener\" aria-label=\"KeePass (otwiera si\u0119 na nowej zak\u0142adce)\">KeePass<\/a><\/li><\/ul>\n\n\n\n<p>Aplikacje zwi\u0105zane z grami:<\/p>\n\n\n\n<ul class=\"wp-block-list\"><li><a rel=\"noreferrer noopener\" aria-label=\"Steam (otwiera si\u0119 na nowej zak\u0142adce)\" href=\"https:\/\/store.steampowered.com\/about\/\" target=\"_blank\">Steam<\/a><\/li><li><a rel=\"noreferrer noopener\" aria-label=\"GOG Galaxy (otwiera si\u0119 na nowej zak\u0142adce)\" href=\"https:\/\/www.gog.com\/galaxy\" target=\"_blank\">GOG Galaxy<\/a><\/li><li><a rel=\"noreferrer noopener\" aria-label=\"Uplay (otwiera si\u0119 na nowej zak\u0142adce)\" href=\"https:\/\/uplay.ubisoft.com\/en-GB\" target=\"_blank\">Uplay<\/a><\/li><li><a rel=\"noreferrer noopener\" aria-label=\"Origin (otwiera si\u0119 na nowej zak\u0142adce)\" href=\"https:\/\/www.origin.com\/pol\/pl-pl\/store\/download\" target=\"_blank\">Origin<\/a><\/li><li><a href=\"https:\/\/www.epicgames.com\/store\/pl\/download\" target=\"_blank\" rel=\"noreferrer noopener\" aria-label=\"Epic Games Launcher (otwiera si\u0119 na nowej zak\u0142adce)\">Epic Games Launcher<\/a><\/li><\/ul>\n\n\n\n<p>Aplikacje zwi\u0105zane z prac\u0105:<\/p>\n\n\n\n<ul class=\"wp-block-list\"><li><a rel=\"noreferrer noopener\" aria-label=\"WinSCP (otwiera si\u0119 na nowej zak\u0142adce)\" href=\"https:\/\/winscp.net\/eng\/download.php\" target=\"_blank\">WinSCP<\/a><\/li><li><a href=\"https:\/\/www.chiark.greenend.org.uk\/~sgtatham\/putty\/latest.html\" target=\"_blank\" rel=\"noreferrer noopener\" aria-label=\"Putty (otwiera si\u0119 na nowej zak\u0142adce)\">Putty<\/a><\/li><\/ul>\n","protected":false},"excerpt":{"rendered":"<p>System operacyjny: Windows 10PRO Aplikacje Windows: Spotify Netflix Aplikacje: Google Chrome Libre Office Unreal Commander xnView notepad++ paint.net Mozilla Thunderbird Foxit Reader Foobar 2000 VLC KeePass Aplikacje zwi\u0105zane z grami: Steam GOG Galaxy Uplay Origin Epic Games Launcher Aplikacje zwi\u0105zane z prac\u0105: WinSCP Putty<\/p>\n","protected":false},"author":1,"featured_media":0,"parent":0,"menu_order":0,"comment_status":"closed","ping_status":"closed","template":"","meta":{"footnotes":""},"class_list":["post-852","page","type-page","status-publish","hentry"],"_links":{"self":[{"href":"https:\/\/marekmac.ukw.edu.pl\/wordpress\/index.php?rest_route=\/wp\/v2\/pages\/852","targetHints":{"allow":["GET"]}}],"collection":[{"href":"https:\/\/marekmac.ukw.edu.pl\/wordpress\/index.php?rest_route=\/wp\/v2\/pages"}],"about":[{"href":"https:\/\/marekmac.ukw.edu.pl\/wordpress\/index.php?rest_route=\/wp\/v2\/types\/page"}],"author":[{"embeddable":true,"href":"https:\/\/marekmac.ukw.edu.pl\/wordpress\/index.php?rest_route=\/wp\/v2\/users\/1"}],"replies":[{"embeddable":true,"href":"https:\/\/marekmac.ukw.edu.pl\/wordpress\/index.php?rest_route=%2Fwp%2Fv2%2Fcomments&post=852"}],"version-history":[{"count":4,"href":"https:\/\/marekmac.ukw.edu.pl\/wordpress\/index.php?rest_route=\/wp\/v2\/pages\/852\/revisions"}],"predecessor-version":[{"id":857,"href":"https:\/\/marekmac.ukw.edu.pl\/wordpress\/index.php?rest_route=\/wp\/v2\/pages\/852\/revisions\/857"}],"wp:attachment":[{"href":"https:\/\/marekmac.ukw.edu.pl\/wordpress\/index.php?rest_route=%2Fwp%2Fv2%2Fmedia&parent=852"}],"curies":[{"name":"wp","href":"https:\/\/api.w.org\/{rel}","templated":true}]}}