{"id":771,"date":"2016-02-11T11:18:14","date_gmt":"2016-02-11T10:18:14","guid":{"rendered":"http:\/\/marekmac.ukw.edu.pl\/wordpress\/?page_id=771"},"modified":"2024-03-28T15:16:31","modified_gmt":"2024-03-28T14:16:31","slug":"gry-do-zagrania","status":"publish","type":"page","link":"https:\/\/marekmac.ukw.edu.pl\/wordpress\/?page_id=771","title":{"rendered":"Gry do zagrania"},"content":{"rendered":"<p>Lista gier w kt\u00f3re chcia\u0142bym zagra\u0107 lub doko\u0144czy\u0107:<\/p>\n<div><table id=\"igsv-1zJ58JTA8Hwnc13Bah2lLMCW4PJ58oD7g4yCJrKWHiIQ\" class=\"igsv-table no-datatables\" lang=\"pl-PL\" style=\"table-layout: auto;\"><thead>\n<tr id=\"igsv-1zJ58JTA8Hwnc13Bah2lLMCW4PJ58oD7g4yCJrKWHiIQ-row-1\" class=\"row-1 odd\"><th class=\"col-1 odd\"><div><\/div><\/th><th class=\"col-2 even\"><div>Tytu\u0142<\/div><\/th><th class=\"col-3 odd\"><div>Posiadana<\/div><\/th><\/tr><\/thead><tbody>\n<tr id=\"igsv-1zJ58JTA8Hwnc13Bah2lLMCW4PJ58oD7g4yCJrKWHiIQ-row-2\" class=\"row-2 even\"><th class=\"col-1 odd\">1<\/th><th class=\"col-2 even\">Expedition 33<\/th><th class=\"col-3 odd\">T<\/th><\/tr><tr id=\"igsv-1zJ58JTA8Hwnc13Bah2lLMCW4PJ58oD7g4yCJrKWHiIQ-row-3\" class=\"row-3 odd\"><th class=\"col-1 odd\">2<\/th><th class=\"col-2 even\">Deadly Premonition<\/th><th class=\"col-3 odd\">T<\/th><\/tr><tr id=\"igsv-1zJ58JTA8Hwnc13Bah2lLMCW4PJ58oD7g4yCJrKWHiIQ-row-4\" class=\"row-4 even\"><th class=\"col-1 odd\">3<\/th><th class=\"col-2 even\">Wasteland 2<\/th><th class=\"col-3 odd\">T<\/th><\/tr><tr id=\"igsv-1zJ58JTA8Hwnc13Bah2lLMCW4PJ58oD7g4yCJrKWHiIQ-row-5\" class=\"row-5 odd\"><th class=\"col-1 odd\">4<\/th><th class=\"col-2 even\">X-Com<\/th><th class=\"col-3 odd\">T<\/th><\/tr><tr id=\"igsv-1zJ58JTA8Hwnc13Bah2lLMCW4PJ58oD7g4yCJrKWHiIQ-row-6\" class=\"row-6 even\"><th class=\"col-1 odd\">5<\/th><th class=\"col-2 even\">Beyond Divinity<\/th><th class=\"col-3 odd\">T<\/th><\/tr><tr id=\"igsv-1zJ58JTA8Hwnc13Bah2lLMCW4PJ58oD7g4yCJrKWHiIQ-row-7\" class=\"row-7 odd\"><th class=\"col-1 odd\">6<\/th><th class=\"col-2 even\">Binary Domain<\/th><th class=\"col-3 odd\">T<\/th><\/tr><tr id=\"igsv-1zJ58JTA8Hwnc13Bah2lLMCW4PJ58oD7g4yCJrKWHiIQ-row-8\" class=\"row-8 even\"><th class=\"col-1 odd\">7<\/th><th class=\"col-2 even\">Dark Souls<\/th><th class=\"col-3 odd\">T<\/th><\/tr><tr id=\"igsv-1zJ58JTA8Hwnc13Bah2lLMCW4PJ58oD7g4yCJrKWHiIQ-row-9\" class=\"row-9 odd\"><th class=\"col-1 odd\">8<\/th><th class=\"col-2 even\">Dead Rising 2<\/th><th class=\"col-3 odd\">T<\/th><\/tr><tr id=\"igsv-1zJ58JTA8Hwnc13Bah2lLMCW4PJ58oD7g4yCJrKWHiIQ-row-10\" class=\"row-10 even\"><th class=\"col-1 odd\">9<\/th><th class=\"col-2 even\">Demon&#039;s Souls<\/th><th class=\"col-3 odd\">T<\/th><\/tr><tr id=\"igsv-1zJ58JTA8Hwnc13Bah2lLMCW4PJ58oD7g4yCJrKWHiIQ-row-11\" class=\"row-11 odd\"><th class=\"col-1 odd\">10<\/th><th class=\"col-2 even\">Divine Divinity<\/th><th class=\"col-3 odd\">T<\/th><\/tr><tr id=\"igsv-1zJ58JTA8Hwnc13Bah2lLMCW4PJ58oD7g4yCJrKWHiIQ-row-12\" class=\"row-12 even\"><th class=\"col-1 odd\">11<\/th><th class=\"col-2 even\">Divinity 2: Ego Draconis<\/th><th class=\"col-3 odd\">T<\/th><\/tr><tr id=\"igsv-1zJ58JTA8Hwnc13Bah2lLMCW4PJ58oD7g4yCJrKWHiIQ-row-13\" class=\"row-13 odd\"><th class=\"col-1 odd\">12<\/th><th class=\"col-2 even\">Dragon Age: Origins<\/th><th class=\"col-3 odd\">T<\/th><\/tr><tr id=\"igsv-1zJ58JTA8Hwnc13Bah2lLMCW4PJ58oD7g4yCJrKWHiIQ-row-14\" class=\"row-14 even\"><th class=\"col-1 odd\">13<\/th><th class=\"col-2 even\">Fallout 3<\/th><th class=\"col-3 odd\">T<\/th><\/tr><tr id=\"igsv-1zJ58JTA8Hwnc13Bah2lLMCW4PJ58oD7g4yCJrKWHiIQ-row-15\" class=\"row-15 odd\"><th class=\"col-1 odd\">14<\/th><th class=\"col-2 even\">Fallout New Vegas<\/th><th class=\"col-3 odd\">T<\/th><\/tr><tr id=\"igsv-1zJ58JTA8Hwnc13Bah2lLMCW4PJ58oD7g4yCJrKWHiIQ-row-16\" class=\"row-16 even\"><th class=\"col-1 odd\">15<\/th><th class=\"col-2 even\">GRID<\/th><th class=\"col-3 odd\">T<\/th><\/tr><tr id=\"igsv-1zJ58JTA8Hwnc13Bah2lLMCW4PJ58oD7g4yCJrKWHiIQ-row-17\" class=\"row-17 odd\"><th class=\"col-1 odd\">16<\/th><th class=\"col-2 even\">Idewind Dale<\/th><th class=\"col-3 odd\">T<\/th><\/tr><tr id=\"igsv-1zJ58JTA8Hwnc13Bah2lLMCW4PJ58oD7g4yCJrKWHiIQ-row-18\" class=\"row-18 even\"><th class=\"col-1 odd\">17<\/th><th class=\"col-2 even\">Morrowind<\/th><th class=\"col-3 odd\">T<\/th><\/tr><tr id=\"igsv-1zJ58JTA8Hwnc13Bah2lLMCW4PJ58oD7g4yCJrKWHiIQ-row-19\" class=\"row-19 odd\"><th class=\"col-1 odd\">18<\/th><th class=\"col-2 even\">Red Dead Redemption<\/th><th class=\"col-3 odd\">T<\/th><\/tr><tr id=\"igsv-1zJ58JTA8Hwnc13Bah2lLMCW4PJ58oD7g4yCJrKWHiIQ-row-20\" class=\"row-20 even\"><th class=\"col-1 odd\">19<\/th><th class=\"col-2 even\">Shadow Warrior<\/th><th class=\"col-3 odd\">T<\/th><\/tr><tr id=\"igsv-1zJ58JTA8Hwnc13Bah2lLMCW4PJ58oD7g4yCJrKWHiIQ-row-21\" class=\"row-21 odd\"><th class=\"col-1 odd\">20<\/th><th class=\"col-2 even\">Shift 2 Unleashed<\/th><th class=\"col-3 odd\">T<\/th><\/tr><tr id=\"igsv-1zJ58JTA8Hwnc13Bah2lLMCW4PJ58oD7g4yCJrKWHiIQ-row-22\" class=\"row-22 even\"><th class=\"col-1 odd\">21<\/th><th class=\"col-2 even\">Skyrim<\/th><th class=\"col-3 odd\">T<\/th><\/tr><tr id=\"igsv-1zJ58JTA8Hwnc13Bah2lLMCW4PJ58oD7g4yCJrKWHiIQ-row-23\" class=\"row-23 odd\"><th class=\"col-1 odd\">22<\/th><th class=\"col-2 even\">Split\/Second<\/th><th class=\"col-3 odd\">T<\/th><\/tr><tr id=\"igsv-1zJ58JTA8Hwnc13Bah2lLMCW4PJ58oD7g4yCJrKWHiIQ-row-24\" class=\"row-24 even\"><th class=\"col-1 odd\">23<\/th><th class=\"col-2 even\">Zeno Clash 2<\/th><th class=\"col-3 odd\">T<\/th><\/tr><tr id=\"igsv-1zJ58JTA8Hwnc13Bah2lLMCW4PJ58oD7g4yCJrKWHiIQ-row-25\" class=\"row-25 odd\"><th class=\"col-1 odd\">24<\/th><th class=\"col-2 even\">Divinity: Original Sin<\/th><th class=\"col-3 odd\">N<\/th><\/tr><tr id=\"igsv-1zJ58JTA8Hwnc13Bah2lLMCW4PJ58oD7g4yCJrKWHiIQ-row-26\" class=\"row-26 even\"><th class=\"col-1 odd\">25<\/th><th class=\"col-2 even\">Dishonored 2<\/th><th class=\"col-3 odd\">T<\/th><\/tr><tr id=\"igsv-1zJ58JTA8Hwnc13Bah2lLMCW4PJ58oD7g4yCJrKWHiIQ-row-27\" class=\"row-27 odd\"><th class=\"col-1 odd\">26<\/th><th class=\"col-2 even\">Ori and the Blind Forest<\/th><th class=\"col-3 odd\">T<\/th><\/tr><tr id=\"igsv-1zJ58JTA8Hwnc13Bah2lLMCW4PJ58oD7g4yCJrKWHiIQ-row-28\" class=\"row-28 even\"><th class=\"col-1 odd\">27<\/th><th class=\"col-2 even\">X-Com 2 Complete<\/th><th class=\"col-3 odd\">T<\/th><\/tr><tr id=\"igsv-1zJ58JTA8Hwnc13Bah2lLMCW4PJ58oD7g4yCJrKWHiIQ-row-29\" class=\"row-29 odd\"><th class=\"col-1 odd\">28<\/th><th class=\"col-2 even\">Indiana Jones and the Great Circle<\/th><th class=\"col-3 odd\">N<\/th><\/tr><\/tbody><\/table><\/div>\n","protected":false},"excerpt":{"rendered":"<p>Lista gier w kt\u00f3re chcia\u0142bym zagra\u0107 lub doko\u0144czy\u0107:<\/p>\n","protected":false},"author":1,"featured_media":0,"parent":0,"menu_order":0,"comment_status":"closed","ping_status":"closed","template":"","meta":{"footnotes":""},"class_list":["post-771","page","type-page","status-publish","hentry"],"_links":{"self":[{"href":"https:\/\/marekmac.ukw.edu.pl\/wordpress\/index.php?rest_route=\/wp\/v2\/pages\/771","targetHints":{"allow":["GET"]}}],"collection":[{"href":"https:\/\/marekmac.ukw.edu.pl\/wordpress\/index.php?rest_route=\/wp\/v2\/pages"}],"about":[{"href":"https:\/\/marekmac.ukw.edu.pl\/wordpress\/index.php?rest_route=\/wp\/v2\/types\/page"}],"author":[{"embeddable":true,"href":"https:\/\/marekmac.ukw.edu.pl\/wordpress\/index.php?rest_route=\/wp\/v2\/users\/1"}],"replies":[{"embeddable":true,"href":"https:\/\/marekmac.ukw.edu.pl\/wordpress\/index.php?rest_route=%2Fwp%2Fv2%2Fcomments&post=771"}],"version-history":[{"count":15,"href":"https:\/\/marekmac.ukw.edu.pl\/wordpress\/index.php?rest_route=\/wp\/v2\/pages\/771\/revisions"}],"predecessor-version":[{"id":884,"href":"https:\/\/marekmac.ukw.edu.pl\/wordpress\/index.php?rest_route=\/wp\/v2\/pages\/771\/revisions\/884"}],"wp:attachment":[{"href":"https:\/\/marekmac.ukw.edu.pl\/wordpress\/index.php?rest_route=%2Fwp%2Fv2%2Fmedia&parent=771"}],"curies":[{"name":"wp","href":"https:\/\/api.w.org\/{rel}","templated":true}]}}