{"id":2,"date":"2012-06-11T08:23:54","date_gmt":"2012-06-11T08:23:54","guid":{"rendered":"http:\/\/marekmac.ukw.edu.pl\/wordpress\/?page_id=2"},"modified":"2018-03-07T15:07:46","modified_gmt":"2018-03-07T14:07:46","slug":"przykladowa-strona","status":"publish","type":"page","link":"https:\/\/marekmac.ukw.edu.pl\/wordpress\/?page_id=2","title":{"rendered":"O serwisie"},"content":{"rendered":"<p>Wygl\u0105da na to, \u017ce nast\u0105pi przesiadka na WordPressa. Kiedy\u015b ju\u017c testowa\u0142em tego CMSa i wtedy przegra\u0142 z Drupalem, ale tw\u00f3rcy nie pr\u00f3\u017cnuj\u0105 i tym razem wygrywa.<\/p>\n<p>Co mnie zaskoczy\u0142o pozytywnie:<\/p>\n<p>&#8211; nie pami\u0119tm czy kiedy\u015b by\u0142y strony czy tylko wpisy blogowe , mo\u017ce przeoczy\u0142em,<\/p>\n<p>&#8211; kategorie z hierarchi\u0105 &#8211; te\u017c tego nie pami\u0119tam, ale mo\u017ce zbyt pobie\u017cnie to przegl\u0105da\u0142em,<\/p>\n<p>&#8211; wygodne instalacje wtyczek, sk\u00f3rek i aktualizacji, bezpo\u015brednio z panelu admina,<\/p>\n<p>&#8211; najwa\u017cniejsze &#8211; wygodna edycja artyku\u0142\u00f3w bez dodatkowych wtyczek &#8211; wbudowany wizualny edytor i dodawanie &#8222;medi\u00f3w&#8221;<\/p>\n<p>&nbsp;<\/p>\n<p>Prawdopodobnie w najbli\u017cszym czasie dokonam przeniesienia wpis\u00f3w z Drupala na WP i ustawi\u0119 WP jako domy\u015bln\u0105 stron\u0119.<\/p>\n<p>&nbsp;<\/p>\n<p>Wpis &#8222;o serwisie&#8221; ze strony na Drupalu:<\/p>\n<blockquote><p>Witam na mojej prywatnej stronie. Po d\u0142ugich bojach z w\u0142asnym pe\u0142nym niedor\u00f3bek CMSem, du\u017c\u0105 ale pozbawion\u0105 potrzebnych mi funkcji Jooml\u0105, oraz za ma\u0142o elastycznym WordPressem, zdecydowa\u0142em si\u0119 na uruchomienie serwisu na Drupalu 6. Po dodaniu modu\u0142u img_fiter wydaje si\u0119 mie\u0107 to czego potrzebowa\u0142em.<\/p>\n<p>Pozostaje jeszcze dopracowanie sk\u00f3rki strony, kt\u00f3ra jest mieszank\u0105 &#8222;bluecurve&#8221; od Drupala i &#8222;Carbon_07&#8221; od Joomli 1.0.<br \/>\nW miar\u0119 czasu i mo\u017cliwo\u015bci postaram si\u0119 zrobi\u0107 jak najbardziej &#8222;sw\u00f3j&#8221; wygl\u0105d.<\/p><\/blockquote>\n<p>&nbsp;<\/p>\n","protected":false},"excerpt":{"rendered":"<p>Wygl\u0105da na to, \u017ce nast\u0105pi przesiadka na WordPressa. Kiedy\u015b ju\u017c testowa\u0142em tego CMSa i wtedy przegra\u0142 z Drupalem, ale tw\u00f3rcy nie pr\u00f3\u017cnuj\u0105 i tym razem wygrywa. Co mnie zaskoczy\u0142o pozytywnie: &#8211; nie pami\u0119tm czy kiedy\u015b by\u0142y strony czy tylko wpisy blogowe , mo\u017ce przeoczy\u0142em, &#8211; kategorie z hierarchi\u0105 &#8211; te\u017c tego nie pami\u0119tam, ale mo\u017ce &hellip; <a href=\"https:\/\/marekmac.ukw.edu.pl\/wordpress\/?page_id=2\" class=\"more-link\">Czytaj dalej<span class=\"screen-reader-text\"> \u201eO serwisie\u201d<\/span><\/a><\/p>\n","protected":false},"author":1,"featured_media":0,"parent":0,"menu_order":0,"comment_status":"open","ping_status":"open","template":"","meta":{"footnotes":""},"class_list":["post-2","page","type-page","status-publish","hentry"],"_links":{"self":[{"href":"https:\/\/marekmac.ukw.edu.pl\/wordpress\/index.php?rest_route=\/wp\/v2\/pages\/2","targetHints":{"allow":["GET"]}}],"collection":[{"href":"https:\/\/marekmac.ukw.edu.pl\/wordpress\/index.php?rest_route=\/wp\/v2\/pages"}],"about":[{"href":"https:\/\/marekmac.ukw.edu.pl\/wordpress\/index.php?rest_route=\/wp\/v2\/types\/page"}],"author":[{"embeddable":true,"href":"https:\/\/marekmac.ukw.edu.pl\/wordpress\/index.php?rest_route=\/wp\/v2\/users\/1"}],"replies":[{"embeddable":true,"href":"https:\/\/marekmac.ukw.edu.pl\/wordpress\/index.php?rest_route=%2Fwp%2Fv2%2Fcomments&post=2"}],"version-history":[{"count":6,"href":"https:\/\/marekmac.ukw.edu.pl\/wordpress\/index.php?rest_route=\/wp\/v2\/pages\/2\/revisions"}],"predecessor-version":[{"id":840,"href":"https:\/\/marekmac.ukw.edu.pl\/wordpress\/index.php?rest_route=\/wp\/v2\/pages\/2\/revisions\/840"}],"wp:attachment":[{"href":"https:\/\/marekmac.ukw.edu.pl\/wordpress\/index.php?rest_route=%2Fwp%2Fv2%2Fmedia&parent=2"}],"curies":[{"name":"wp","href":"https:\/\/api.w.org\/{rel}","templated":true}]}}