{"id":191,"date":"2012-06-14T14:36:30","date_gmt":"2012-06-14T12:36:30","guid":{"rendered":"http:\/\/marekmac.ukw.edu.pl\/wordpress\/?page_id=191"},"modified":"2024-03-28T15:35:45","modified_gmt":"2024-03-28T14:35:45","slug":"komp","status":"publish","type":"page","link":"https:\/\/marekmac.ukw.edu.pl\/wordpress\/?page_id=191","title":{"rendered":"M\u00f3j komputer"},"content":{"rendered":"<p><strong>Aktualny konfig komputera:<\/strong><\/p>\n<p>Intel Core i5 4670K (zazwyczaj@4GHz)<br \/>\n16GB DDR3 Kingston HyperX 1600Mhz CL9<br \/>\nAsRock Z87M Extreme4<br \/>\nGigabyte nVidia GTX970<br \/>\n<span class=\"il\">BitFenix<\/span>\u00a0Whisper M 650W<br \/>\nTranscend SSD M.2 PCIe NVMe TS256GMTE110S 256GB<br \/>\nSamsung SSD 830 64GB<br \/>\nCrucial MX300 SSD 750GB<br \/>\nCooltek C3<br \/>\nIiyama ProLite X2783HSU<br \/>\nRazer Arctosa<br \/>\nRazer DeathAdder<br \/>\nLogitech G25<br \/>\nzewn\u0119trzny nap\u0119d optyczny LiteOn\u00a0eBAU108<\/p>\n<div id='gallery-1' class='gallery galleryid-191 gallery-columns-3 gallery-size-thumbnail'><figure class='gallery-item'>\n\t\t\t<div class='gallery-icon landscape'>\n\t\t\t\t<a href='https:\/\/marekmac.ukw.edu.pl\/wordpress\/wp-content\/uploads\/2012\/06\/yKFPURq1.jpg' title=\"\" data-rl_title=\"\" class=\"rl-gallery-link\" data-rl_caption=\"\" data-rel=\"lightbox-gallery-1\"><img loading=\"lazy\" decoding=\"async\" width=\"140\" height=\"93\" src=\"https:\/\/marekmac.ukw.edu.pl\/wordpress\/wp-content\/uploads\/2012\/06\/yKFPURq1-140x93.jpg\" class=\"attachment-thumbnail size-thumbnail\" alt=\"\" srcset=\"https:\/\/marekmac.ukw.edu.pl\/wordpress\/wp-content\/uploads\/2012\/06\/yKFPURq1-140x93.jpg 140w, https:\/\/marekmac.ukw.edu.pl\/wordpress\/wp-content\/uploads\/2012\/06\/yKFPURq1-300x200.jpg 300w, https:\/\/marekmac.ukw.edu.pl\/wordpress\/wp-content\/uploads\/2012\/06\/yKFPURq1-768x512.jpg 768w, https:\/\/marekmac.ukw.edu.pl\/wordpress\/wp-content\/uploads\/2012\/06\/yKFPURq1-1024x683.jpg 1024w, https:\/\/marekmac.ukw.edu.pl\/wordpress\/wp-content\/uploads\/2012\/06\/yKFPURq1-1200x800.jpg 1200w\" sizes=\"auto, (max-width: 140px) 85vw, 140px\" \/><\/a>\n\t\t\t<\/div><\/figure><figure class='gallery-item'>\n\t\t\t<div class='gallery-icon landscape'>\n\t\t\t\t<a href='https:\/\/marekmac.ukw.edu.pl\/wordpress\/wp-content\/uploads\/2012\/06\/hYQnF191.jpg' title=\"\" data-rl_title=\"\" class=\"rl-gallery-link\" data-rl_caption=\"\" data-rel=\"lightbox-gallery-1\"><img loading=\"lazy\" decoding=\"async\" width=\"140\" height=\"93\" src=\"https:\/\/marekmac.ukw.edu.pl\/wordpress\/wp-content\/uploads\/2012\/06\/hYQnF191-140x93.jpg\" class=\"attachment-thumbnail size-thumbnail\" alt=\"\" srcset=\"https:\/\/marekmac.ukw.edu.pl\/wordpress\/wp-content\/uploads\/2012\/06\/hYQnF191-140x93.jpg 140w, https:\/\/marekmac.ukw.edu.pl\/wordpress\/wp-content\/uploads\/2012\/06\/hYQnF191-300x200.jpg 300w, https:\/\/marekmac.ukw.edu.pl\/wordpress\/wp-content\/uploads\/2012\/06\/hYQnF191-768x512.jpg 768w, https:\/\/marekmac.ukw.edu.pl\/wordpress\/wp-content\/uploads\/2012\/06\/hYQnF191-1024x683.jpg 1024w, https:\/\/marekmac.ukw.edu.pl\/wordpress\/wp-content\/uploads\/2012\/06\/hYQnF191-1200x800.jpg 1200w\" sizes=\"auto, (max-width: 140px) 85vw, 140px\" \/><\/a>\n\t\t\t<\/div><\/figure><figure class='gallery-item'>\n\t\t\t<div class='gallery-icon landscape'>\n\t\t\t\t<a href='https:\/\/marekmac.ukw.edu.pl\/wordpress\/wp-content\/uploads\/2012\/06\/f5uXHCR1.jpg' title=\"\" data-rl_title=\"\" class=\"rl-gallery-link\" data-rl_caption=\"\" data-rel=\"lightbox-gallery-1\"><img loading=\"lazy\" decoding=\"async\" width=\"140\" height=\"93\" src=\"https:\/\/marekmac.ukw.edu.pl\/wordpress\/wp-content\/uploads\/2012\/06\/f5uXHCR1-140x93.jpg\" class=\"attachment-thumbnail size-thumbnail\" alt=\"\" srcset=\"https:\/\/marekmac.ukw.edu.pl\/wordpress\/wp-content\/uploads\/2012\/06\/f5uXHCR1-140x93.jpg 140w, https:\/\/marekmac.ukw.edu.pl\/wordpress\/wp-content\/uploads\/2012\/06\/f5uXHCR1-300x200.jpg 300w, https:\/\/marekmac.ukw.edu.pl\/wordpress\/wp-content\/uploads\/2012\/06\/f5uXHCR1-768x512.jpg 768w, https:\/\/marekmac.ukw.edu.pl\/wordpress\/wp-content\/uploads\/2012\/06\/f5uXHCR1-1024x683.jpg 1024w, https:\/\/marekmac.ukw.edu.pl\/wordpress\/wp-content\/uploads\/2012\/06\/f5uXHCR1-1200x800.jpg 1200w\" sizes=\"auto, (max-width: 140px) 85vw, 140px\" \/><\/a>\n\t\t\t<\/div><\/figure>\n\t\t<\/div>\n\n<p><strong>Zmiany komputer\u00f3w:<\/strong><br \/>\nCommodore 64 -&gt; Amiga 600 -&gt; Amiga CD32 -&gt; PC -&gt; PC + PS3<\/p>\n<p><strong>Zmiany kart graficznych:<\/strong><br \/>\nCirrus Logic GD5429 -&gt; Matrox Mystique -&gt; S3Virge+3DFX Voodoo -&gt; S3Virge + 3DFX Voodoo2 -&gt; 3DFX Voodo3 -&gt; Nvidia GeForce 256 DDR (Creative) -&gt; Ati Radeon 9000Pro (Gigabyte) -&gt; Ati Radeon 9500Pro (Medion 9600TX) -&gt; Nvidia GeForce 6600GT (Gigabyte) -&gt; Nvidia GeForce 7900GT (Asus) -&gt; Nvidia GeForce 8800GT (Zotac) -&gt; AMD\/Ati Radeon 5850 (PowerColor) -&gt; nVidia GTX660ti (MSI) -&gt; nVidia GTX970 (Gigabyte) -&gt; nVidia RTX2060 Super (Gainward) -&gt; nVidia RTX3070Ti (MSI)<\/p>\n<p><strong>Zmiany procesor\u00f3w:<\/strong><br \/>\nIntel 486DX 100MHx -&gt; ? AMD k5 -&gt; Intel Pentium MMX 166 -&gt; Intel Pentium 2 300 -&gt; Celeron 366 -&gt; Pentium 3 500 ? -&gt; Celeron 1000 ? -&gt; Athlon XP 1700+ -&gt; Athlon 64 3000 -&gt; Core2Duo E4300 1,8@3GHz -&gt; Core2Quad Q9550 2,83@3,4GHz -&gt;\u00a0\u00a0Core i5 4670K -&gt; Ryzen 7 3800X<\/p>\n<p><strong>Zmiany pamieci:<\/strong><br \/>\n8MB -&gt; &#8230;..-&gt; 2x1GB DDR2 800Mhz Kingmax -&gt; 4x\u00a01GB DDR2 800Mhz Kingmax -&gt; 2x4GB DDR3 1600MHz CL9 Kingston HyperX (KHX1600C9D3X2K2\/8GX) -&gt; H<span class=\"il\">yperX<\/span> 2x8GB 1866MHz DDR3 CL9 (HX318C9SRK2\/16) -&gt;2x8GB DDR4 -&gt; 2x16GB DDR4<\/p>\n<p><strong>Zmiany monitor\u00f3w:<\/strong><br \/>\nDaewoo 14&#8243; CRT -&gt; Nec 15&#8243; CRT -&gt; Nec 95F 19&#8243; CRT -&gt; IIyama 22&#8243; ProLite E2201W-B1 LCD -&gt; Iiyama ProLite X2783HSU 27&#8243; -&gt; Innocn 40C1R<\/p>\n<p><strong>Zmiany dysk\u00f3w:<\/strong><br \/>\nSeagate 520MB -&gt; 1,6GB -&gt; 20GB -&gt; 60GB -&gt; 120GB -&gt; 250GB -&gt; 500GB -&gt; 1TB -&gt; 1TB + 64GB SSD -&gt; 64GB SSD + 750 GB SSD -&gt; 256GB SSD NVME + 64GB SSD + 750 GB SSD -&gt; 1TB NVME (WE Black) + 512GB NVME + 750GB SSD SATA<\/p>\n<p><strong>Zmiany obudowy:<\/strong><br \/>\n&#8222;zwyk\u0142y&#8221; midi-tower -&gt; Aerocool S-55 -&gt; Cooltek C3 -&gt; Fractal Design North<\/p>\n<p><strong>Zmiany zasilaczy:<\/strong><br \/>\n&#8222;zwyk\u0142y z obudowy&#8221; -&gt; HuntKey HK400AP -&gt; Corsair HX620W -&gt;\u00a0<span class=\"il\">BitFenix<\/span>\u00a0Whisper M 650W<\/p>\n<p>Parametry dawne:<\/p>\n<blockquote><p>(nie)Aktualny konfig komputera:<br \/>\nIntel Core2Quad Q9550 @ 3,4GHz<br \/>\n4GB RAM DDR2<br \/>\nGigabyte GA-P35DS3R<br \/>\nAMD\/ATI Radeon 5850 1GB<br \/>\nCorsair HX620W<br \/>\nSeagate Barracuda 7200.12 1TB<br \/>\nCreative Audigy 4<br \/>\nSamsung CD\/DVD<br \/>\nAerocool S55<br \/>\nIiyama 2201W<br \/>\nRazer Arctosa<br \/>\nRazer DeathAdder<br \/>\nLogitech G25<\/p><\/blockquote>\n<p>Parametry dawniejsze<\/p>\n<blockquote><p>(nie)Aktualne parametry komputera:<\/p>\n<ul>\n<li>Procesor: Intel D2D E4300 @ 3GHz<\/li>\n<li>P\u0142yta g\u0142\u00f3wna: Gigabyte P35DS3R<\/li>\n<li>Pami\u0119\u0107 RAM: 4xDDR2-800 Kingmax<\/li>\n<li>Karta graficzna: Zotac GF8800GT 512MB PCI-X<\/li>\n<li>Karta muzyczna: Creative Audigy4<\/li>\n<li>Dysk twardy: Samsung SpinPoint 250GB Sata-300<\/li>\n<li>Obudowa: Modecom ProStation<\/li>\n<li>Zasilacz: HuntKey HK400-AP<\/li>\n<li>Monitor: Iiyama ProLite E2201W-B2<\/li>\n<li>Mysz: Logitech MX310<\/li>\n<li>Klawiatura: Logitech UltraX Flat<\/li>\n<li>System: Windows XP Home<\/li>\n<\/ul>\n<p>Planowane zmiany:<\/p>\n<ul>\n<li>Dysk twardy: Seagate Barracuda 7200.11 500GB<\/li>\n<li>System: Windows Vista Home Premium 64bit<\/li>\n<\/ul>\n<\/blockquote>\n","protected":false},"excerpt":{"rendered":"<p>Aktualny konfig komputera: Intel Core i5 4670K (zazwyczaj@4GHz) 16GB DDR3 Kingston HyperX 1600Mhz CL9 AsRock Z87M Extreme4 Gigabyte nVidia GTX970 BitFenix\u00a0Whisper M 650W Transcend SSD M.2 PCIe NVMe TS256GMTE110S 256GB Samsung SSD 830 64GB Crucial MX300 SSD 750GB Cooltek C3 Iiyama ProLite X2783HSU Razer Arctosa Razer DeathAdder Logitech G25 zewn\u0119trzny nap\u0119d optyczny LiteOn\u00a0eBAU108 Zmiany komputer\u00f3w: &hellip; <a href=\"https:\/\/marekmac.ukw.edu.pl\/wordpress\/?page_id=191\" class=\"more-link\">Czytaj dalej<span class=\"screen-reader-text\"> \u201eM\u00f3j komputer\u201d<\/span><\/a><\/p>\n","protected":false},"author":1,"featured_media":0,"parent":0,"menu_order":6,"comment_status":"closed","ping_status":"closed","template":"","meta":{"footnotes":""},"class_list":["post-191","page","type-page","status-publish","hentry"],"_links":{"self":[{"href":"https:\/\/marekmac.ukw.edu.pl\/wordpress\/index.php?rest_route=\/wp\/v2\/pages\/191","targetHints":{"allow":["GET"]}}],"collection":[{"href":"https:\/\/marekmac.ukw.edu.pl\/wordpress\/index.php?rest_route=\/wp\/v2\/pages"}],"about":[{"href":"https:\/\/marekmac.ukw.edu.pl\/wordpress\/index.php?rest_route=\/wp\/v2\/types\/page"}],"author":[{"embeddable":true,"href":"https:\/\/marekmac.ukw.edu.pl\/wordpress\/index.php?rest_route=\/wp\/v2\/users\/1"}],"replies":[{"embeddable":true,"href":"https:\/\/marekmac.ukw.edu.pl\/wordpress\/index.php?rest_route=%2Fwp%2Fv2%2Fcomments&post=191"}],"version-history":[{"count":21,"href":"https:\/\/marekmac.ukw.edu.pl\/wordpress\/index.php?rest_route=\/wp\/v2\/pages\/191\/revisions"}],"predecessor-version":[{"id":885,"href":"https:\/\/marekmac.ukw.edu.pl\/wordpress\/index.php?rest_route=\/wp\/v2\/pages\/191\/revisions\/885"}],"wp:attachment":[{"href":"https:\/\/marekmac.ukw.edu.pl\/wordpress\/index.php?rest_route=%2Fwp%2Fv2%2Fmedia&parent=191"}],"curies":[{"name":"wp","href":"https:\/\/api.w.org\/{rel}","templated":true}]}}